{"id":217,"date":"2025-08-25T10:09:08","date_gmt":"2025-08-25T10:09:08","guid":{"rendered":"https:\/\/xn--teaterrd-g0a.no\/?page_id=217"},"modified":"2025-08-25T10:09:08","modified_gmt":"2025-08-25T10:09:08","slug":"om-nrt","status":"publish","type":"page","link":"https:\/\/xn--teaterrd-g0a.no\/index.php\/om-nrt\/","title":{"rendered":"Om NRT"},"content":{"rendered":"\n<p>Nettverket for regionale teaterr\u00e5d (NRT) er et fellesr\u00e5d for regionale organisasjoner\u00a0med fokus p\u00e5 tilrettelegging for lokalt teater og amat\u00f8rteater.<\/p>\n\n\n\n<h3 class=\"wp-block-heading\">Historien til nettverket for regionale teaterr\u00e5d (NRT)<\/h3>\n\n\n\n<p><strong>NRT er en f\u00f8lge av nedleggelsen av Norsk Teaterr\u00e5d i 2015<\/strong>&nbsp;<\/p>\n\n\n\n<p>Nettverket for regional teaterr\u00e5d (NRT) var i 2016 et m\u00f8teplass for 4 teaterr\u00e5d for faglig utveksling etter nedleggelse av Norsk Teaterr\u00e5d desember 2015. R\u00e5dene var vant til \u00e5 m\u00f8tes to ganger i \u00e5ret i Norsk Teaterr\u00e5d. M\u00f8tene f\u00f8rte til etableringen av en paraplyorganisasjon.<\/p>\n\n\n\n<p>NRT ble etablert 4. september 2017, og ble fra 2018 et samarbeidsorgan for 6 regionale organisasjoner og r\u00e5d som arbeidet for amat\u00f8rteater. Norsk Teaterr\u00e5d hadde regionsr\u00e5d. R\u00e5dene fikk aldri driftsst\u00f8tte, men kunne de siste \u00e5rene s\u00f8ke prosjektst\u00f8tte. Stemmerett fikk r\u00e5dene de siste \u00e5rene f\u00f8r nedleggelse.<\/p>\n\n\n\n<p>Den nye Teateralliansen lukket fellesordninger innunder seg, og de bestod av tidligere styremedlem i Norsk Teaterr\u00e5d. Det f\u00f8rte til at r\u00e5dene \u00f8nsket \u00e5 etablere en nasjonal paraplyorganisasjon for \u00e5 f\u00e5 tilgang til ordninger for v\u00e5re medlemmer, blant annet tilgang til moms-refusjon og voksenoppl\u00e6ringsmidler. DRAMAS og Frifond Teater var \u00e5pne for alle.\u00a0<\/p>\n\n\n\n<p>R\u00e5dene opplevde at alle tidligere fellesordninger fra Norsk Teaterr\u00e5d forvitret eller falt bort. Det ville r\u00e5dene si i fra p\u00e5 nasjonalt plan. R\u00e5dene opplevde ikke at Scenefolk eller Teateralliansen snakket for hele feltet, men for seg og sine. Feltet manglet en tydelig felles nasjonal stemme og ambassad\u00f8r. Teatergruppene i v\u00e5re regioner trengte \u00e5 motta nasjonal informasjon, og \u00e5 ha tilgang til nasjonale fellesordninger. Dermed trengte r\u00e5dene \u00e5 etablere NRT.<\/p>\n\n\n\n<p><strong>NRT dekker 6 av 10 regioner i Norge&nbsp;&nbsp;<\/strong><\/p>\n\n\n\n<p>NRT&nbsp;ble derfor fra og med 2018 et nasjonalt nettverk for 6 teaterr\u00e5d for amat\u00f8rteater (11 gamle fylker): Oslo Teatersenter, Rogaland Teaterr\u00e5d, Vestfold og Telemark Teaterr\u00e5d, Tr\u00f8ndelag Teatersamling (nord og s\u00f8r), Foreningen for amat\u00f8rteater i Agder (nord og s\u00f8r) og Viken Teaterr\u00e5d (Akershus, \u00d8stfold og Buskerud).<\/p>\n\n\n\n<p>Hva med de andre regionene i Norge? M\u00f8re og Romsdal har aldri hatt et regionalt r\u00e5d. Regionene Buskerud, Vestlandet og H\u00e5logaland hadde godt etablerte amat\u00f8rteaterorganisasjoner med statsst\u00f8tte og flere ansatte. De \u00f8nsket ikke medlemskap i NRT. De ville handle nasjonalt p\u00e5 egne vegne gjennom Scenefolk, sammen med Norsk Revysenter.<\/p>\n\n\n\n<p>Innlandet satt p\u00e5 hovedkontoret for Norsk Amat\u00f8rteaterforbund (NAFT), og var med i Teateralliansen sammen med Frilynt Norge, Studieforbundet Kultur og tradisjon og Noregs Ungdomslag. Senere etablerte Teateralliansen paraplyorganisasjonen Kulturalliansen, og la ned Teateralliansen. I tillegg finnes det i dag enkeltst\u00e5ende akt\u00f8rer som Dramas, Norsk Historiske Spel, Spelhandboka m.fl.<\/p>\n\n\n\n<p>Denne oppdelingen er ulogisk og forvirrende, men den f\u00f8lge en lang bevilgningshistorie i Kulturdepartementet formet av et halvt \u00e5rhundre med kulturpolitikk. Noen f\u00e5 medlemsorganisasjoner og Dramas mottok brorparten av statsst\u00f8tte til 17 medlemmer i Norsk Teaterr\u00e5d. Hovedmedlemmene i Norsk Teaterr\u00e5d hadde stemmerett etter bevilgningsst\u00f8rrelse. En struktur for aksjeselskaper og ikke for en nasjonal demokratisk organisasjon.<\/p>\n\n\n\n<p>Medlemmene i Norsk Teaterr\u00e5d var livredde for \u00e5 miste driftsmidler til sin organisasjon ved nedleggelsen av Norsk Teaterr\u00e5d, og de handlet naturlig nok i eget \u00e6rend. To fl\u00f8yer mente de kunne drifte amat\u00f8rteaterfeltet mye bedre utenfor Norsk Teaterr\u00e5d. Det ble til Scenefolk og Teateralliansen.<\/p>\n\n\n\n<p>Norsk Teaterr\u00e5d var i 2014 et mareritt av intern krangling og mistillitt innad og utad. Styret opptr\u00e5dde helt uskyldig i forhold til det \u00f8konomisk rotet Kulturdepartementet avdekket. Alle utpekte hverandre som syndebukker eller administrasjonen. De ville avskrive seg ansvaret. Noen vaslet departementet.<\/p>\n\n\n\n<p>NRT er en nasjonal\u00a0paraply for regionale teaterr\u00e5d. NRT har v\u00e6r sv\u00e6rt politisk aktiv for\u00a0nasjonale kultursaker og\u00a0st\u00f8tteordninger\u00a0for lokale teaterforeninger. Nedleggelsen av Norsk Teaterr\u00e5d skapte et stumt \u00abvakuum\u00bb. Derfor har NRT drevet med teaterfaglig\u00a0informasjonsarbeid og v\u00e6rt en stemme for feltet, og blitt tatt til r\u00e5ds b\u00e5de av forskere, kulturr\u00e5det og kulturdepartementet. NRT har ogs\u00e5 blitt oversett, men det har v\u00e6rt motiverende for \u00e5 jobbe enda bedre.\u00a0<br><br><strong>Forel\u00f8pig har det ikke v\u00e6rt tiden for et nytt nasjonalt ledd<\/strong><\/p>\n\n\n\n<p>i 2022 var det g\u00e5tt 7 \u00e5r.\u00a0 Amat\u00f8rteaterfeltet manglet et nasjonalt ledd, og putrer ubekymret videre. Feltet hadde ingen fellessaker eller higet heller ikke etter \u00e5 bygge noe sammen. De st\u00f8rste organisasjoner tilknyttet tidligere Norsk Teaterr\u00e5d har beholdt bevilgningene sine, men statsbevilgningen til denne kanalen har minsket og \u00e5pner lite for nykommere eller nye satsninger. Noen nye st\u00f8tteordninger har kommet.<\/p>\n\n\n\n<p>NRT ser ikke at tiden er inne for et nytt nasjonalt ledd for amat\u00f8rteater, men det trengs. Fellesordningen for de demokratiske amat\u00f8rgrupper burde v\u00e6rt samlet. Amat\u00f8rteatertilbudet fra det private og offentlig m\u00e5 ikke blandes inn i samme fellesorganisasjon eller bevilgning. De er samarbeidspartnere og kan v\u00e6re i felles fagnett, men de har andre \u00f8konomiske interesser og oppbygginger.&nbsp;<\/p>\n\n\n\n<p><strong>Driftst\u00f8tte p\u00e5 regionalt og nasjonalt niv\u00e5 lot vente p\u00e5 seg<\/strong><\/p>\n\n\n\n<p>NRT fikk fra og med 2021, fem \u00e5r etter etablering, prosjektst\u00f8tte fra Norsk Kulturr\u00e5d innunder driftst\u00f8tteordningen for nasjonale foreninger.&nbsp;<\/p>\n\n\n\n<p>Uten driftsst\u00f8tte har NRT hele tiden veiet v\u00e5r eksistens, og om det er verd alt gratisarbeidet. Vi har ikke hatt r\u00e5d til mye, men vi har hele tiden hatt et sterkt fagnettverk hvor vi har hjulpet hverandre og utvekslet erfaring og ideer. Det har v\u00e6rt sunt \u00e5 vokse sakte. NRT \u00f8nsker heller ikke \u00e5 v\u00e6re en stor nasjonal enhet med svake regionale ledd. V\u00e5r st\u00f8rste bekymring er alle signalene de siste \u00e5rene om regionale l\u00f8ft innen kultur. L\u00f8ftet kommer ikke til oss, og l\u00f8ftet har ikke v\u00e6rt ment for oss.<\/p>\n\n\n\n<p>Oslo Teatersenter og Viken Teaterr\u00e5d har f\u00e5tt noe mer regionale bevilgninger de siste 10 \u00e5rene, men ikke nok til en betydelig utvidelse av driften. Teaterr\u00e5det i Vestfold og Telemark har f\u00e5tt mer prosjektmidler og nye ordninger, men ikke f\u00e5tt mye til drift eller stillinger.\u00a0 Rogaland, Agder og Tr\u00f8ndelag er bevisst blitt faset ut av fylkeskommunens budsjetter de siste \u00e5rene. \u00a0Rogaland Teaterr\u00e5d m\u00e5tte legge ned drift i 2021. I Agder tar fylke ansvar for teaterhuset for amat\u00f8rteater, Roseg\u00e5rden Teater, men de har tatt tilbake midler for konsulentstillingen. R\u00e5dene f\u00e5r \u00f8remerkede midler for \u00e5 jobbe med frivillighet, inkludering eller barn og unge. F\u00e5 r\u00e5d f\u00e5r rene regionale kultur- eller teatermidler. Det er bare r\u00e5dene i Vestfold\/Telemark og Viken som deler ut fylkesmidler for amat\u00f8rteateraktivitet for sine fylkeskommuner.<\/p>\n\n\n\n<p><strong>NRT er del av en ny tid<\/strong><\/p>\n\n\n\n<p>Det ser ut til at felles kulturorganisasjoner etablert i forrige \u00e5rhundre har hatt lite medvind i det nye \u00e5rhundre. Fra og med 2022 legges alle statsbevilgninger til amat\u00f8rteaterfeltet inn i Kulturr\u00e5det. Byr\u00e5kraten i Kulturr\u00e5det utf\u00f8rer forvaltningen, mens feltet m\u00e5 lobbe mot departementet.<\/p>\n\n\n\n<p>\u00c5rene uten Norsk Teaterr\u00e5d har Kulturdepartementet stilt opp og tatt imot feltet. Men ingen av oss f\u00e5tt helt tak i prioriteringene, planene eller ansvarfordelingen. Omdisponering og nedprioritering g\u00e5r lydl\u00f8st regionalt og nasjonalt. Det er tungt \u00e5 ikke ha mer medvind.<\/p>\n\n\n\n<p><strong>Arbeidet v\u00e5rt gir mersmak til \u00e5 fortsette\u00a0<\/strong><\/p>\n\n\n\n<p><br>S\u00e5 f\u00e5r vi se hva veien videre bringer. NRT forsetter sitt arbeid.<\/p>\n\n\n\n<p><\/p>\n","protected":false},"excerpt":{"rendered":"<p>Nettverket for regionale teaterr\u00e5d (NRT) er et fellesr\u00e5d for regionale organisasjoner\u00a0med fokus p\u00e5 tilrettelegging for lokalt teater og amat\u00f8rteater. Historien til nettverket for regionale teaterr\u00e5d (NRT) NRT er en f\u00f8lge av nedleggelsen av Norsk Teaterr\u00e5d i 2015&nbsp; Nettverket for regional teaterr\u00e5d (NRT) var i 2016 et m\u00f8teplass for 4 teaterr\u00e5d [&hellip;]<\/p>\n","protected":false},"author":1,"featured_media":13,"parent":0,"menu_order":0,"comment_status":"closed","ping_status":"closed","template":"","meta":{"pagelayer_contact_templates":[],"_pagelayer_content":"","_themeisle_gutenberg_block_has_review":false,"footnotes":""},"class_list":["post-217","page","type-page","status-publish","has-post-thumbnail","hentry"],"_links":{"self":[{"href":"https:\/\/xn--teaterrd-g0a.no\/index.php\/wp-json\/wp\/v2\/pages\/217","targetHints":{"allow":["GET"]}}],"collection":[{"href":"https:\/\/xn--teaterrd-g0a.no\/index.php\/wp-json\/wp\/v2\/pages"}],"about":[{"href":"https:\/\/xn--teaterrd-g0a.no\/index.php\/wp-json\/wp\/v2\/types\/page"}],"author":[{"embeddable":true,"href":"https:\/\/xn--teaterrd-g0a.no\/index.php\/wp-json\/wp\/v2\/users\/1"}],"replies":[{"embeddable":true,"href":"https:\/\/xn--teaterrd-g0a.no\/index.php\/wp-json\/wp\/v2\/comments?post=217"}],"version-history":[{"count":1,"href":"https:\/\/xn--teaterrd-g0a.no\/index.php\/wp-json\/wp\/v2\/pages\/217\/revisions"}],"predecessor-version":[{"id":218,"href":"https:\/\/xn--teaterrd-g0a.no\/index.php\/wp-json\/wp\/v2\/pages\/217\/revisions\/218"}],"wp:featuredmedia":[{"embeddable":true,"href":"https:\/\/xn--teaterrd-g0a.no\/index.php\/wp-json\/wp\/v2\/media\/13"}],"wp:attachment":[{"href":"https:\/\/xn--teaterrd-g0a.no\/index.php\/wp-json\/wp\/v2\/media?parent=217"}],"curies":[{"name":"wp","href":"https:\/\/api.w.org\/{rel}","templated":true}]}}