{"id":289,"date":"2025-09-22T15:56:19","date_gmt":"2025-09-22T15:56:19","guid":{"rendered":"https:\/\/xn--teaterrd-g0a.no\/?page_id=289"},"modified":"2025-10-03T12:19:56","modified_gmt":"2025-10-03T12:19:56","slug":"satsinger","status":"publish","type":"page","link":"https:\/\/xn--teaterrd-g0a.no\/index.php\/satsinger\/","title":{"rendered":"Satsinger"},"content":{"rendered":"\n<p><strong>2025<\/strong><\/p>\n\n\n\n<p><strong>I 2025 har nettverk for regionale teaterr\u00e5d ekstra fokus p\u00e5 voksenteater og helse <\/strong><\/p>\n\n\n\n<p>Vi \u00f8nsker \u00e5 sette fokus p\u00e5 den helsegevinsten vi mener at voksne kan f\u00e5 gjennom \u00e5 drive med amat\u00f8rteater. <\/p>\n\n\n\n<p><\/p>\n\n\n\n<p><strong>V\u00e5rt andre satsingsomr\u00e5de i 2025 er p\u00e5 nettside og synlighet<\/strong><\/p>\n\n\n\n<p><\/p>\n\n\n\n<p>Vi jobber med \u00e5 bygge opp en nettside som skal v\u00e6re enkel \u00e5 navigere i og ha informasjon som er lett tilgjengelig for v\u00e5re medlemslag. Dette gjelder informasjon om drift av amat\u00f8rteatergrupper, s\u00f8king av st\u00f8tte, tilbud om kurs og informasjonsmateriell.<br><\/p>\n\n\n\n<p>I tillegg har vi i 2025 gjennomf\u00f8rt:<\/p>\n\n\n\n<ul class=\"wp-block-list\">\n<li>Kurs: Lyskurs i Oslo\/Akershus og Vestfold\/Telemark og Revyl\u00f8rdager i Akershus, Vestfold\/Telemark, Rogaland og Tr\u00f8ndelag<\/li>\n<\/ul>\n\n\n\n<ul class=\"wp-block-list\">\n<li>En faghelger i Oslo p\u00e5 Helsfyr 25.-27.okt. og en i Trondheim 7.-9.nov.<\/li>\n<\/ul>\n\n\n\n<ul class=\"wp-block-list\">\n<li>To digitale kurs VO-oppl\u00e6ring og en om momsrefusjonss\u00f8knad.<\/li>\n<\/ul>\n\n\n\n<ul class=\"wp-block-list\">\n<li>Interimstyret i Teaterforbundet Norge<\/li>\n<\/ul>\n\n\n\n<ul class=\"wp-block-list\">\n<li>MOMS og VO<\/li>\n<\/ul>\n\n\n\n<p><strong>2017<\/strong><\/p>\n\n\n\n<p><strong>HOVEDSATSNING: ETABLERING OG ROM FOR FRIVILLIGHET<\/strong><\/p>\n\n\n\n<p>-Interimstyret for \u00e5 f\u00e5 opp en organisasjon f\u00f8r \u00e5rsm\u00f8te 4.9.2017<\/p>\n\n\n\n<p>-S\u00f8ke statlige driftsmidler<\/p>\n\n\n\n<p>-Innspill til ny statlig kulturmelding og frivillighetsmelding og etablering av Kulturalliansen<\/p>\n\n\n\n<p>-NIBR rapporten om st\u00f8tteordninger i amat\u00f8rteater<\/p>\n\n\n\n<p>-Bygge opp en informasjonsplattform og organisasjon<\/p>\n\n\n\n<p>-S\u00f8ke om \u00e5 bli kanal for VO gjennom Folkeuniversitetet.<\/p>\n\n\n\n<p><strong>2018<\/strong><\/p>\n\n\n\n<p><strong>HOVEDSATSNING: GJ\u00d8RE ET GRUNDIG NASJONALT INFORMASJONSARBEID FOR AMAT\u00d8RTEATERFELTET GJENNOM SAMHANDLING, KOMPETANSE OG AKTIVITET.<\/strong><\/p>\n\n\n\n<p>Stilte opp i flere settinger for \u00e5 snakke for amat\u00f8rteaterfeltet.<\/p>\n\n\n\n<p>5 siders modell for amat\u00f8rteaterfeltet vist i flere nasjonale settinger.<\/p>\n\n\n\n<p>Ba om 5 millioner ekstra til hele amat\u00f8rteateret i KUD<\/p>\n\n\n\n<p>-VO-midler flyttes til Studieforbundet Kultur og tradisjon<\/p>\n\n\n\n<p>-Revydoktoren et samarbeid med Norsk revyfaglig senter, ute i tre grupper p\u00e5 \u00d8stlandet<\/p>\n\n\n\n<p>-Ble regionalt ledd for momsrefusjonss\u00f8knader og VO<\/p>\n\n\n\n<p><strong>2019<\/strong><\/p>\n\n\n\n<p><strong>HOVEDSATSNING: MER ST\u00d8TTE TIL VOKSENTEATER<\/strong><\/p>\n\n\n\n<p>-M\u00f8te med Kulturr\u00e5det om ny st\u00f8tteordning for voksenteater.<\/p>\n\n\n\n<p>-Delarrang\u00f8r Teaterkonferansen<\/p>\n\n\n\n<p>-Dialog om Frifond Teater som endte i LNU og Dramas ble egen bedrift<\/p>\n\n\n\n<p>-MOMS og VO<\/p>\n\n\n\n<p><strong>2020<\/strong><\/p>\n\n\n\n<p><strong>HOVEDSATSNING: COVID-19 INFORMASJON OG VEILEDNING FOR AKTIVITET<\/strong><\/p>\n\n\n\n<p>Smittevernbrosjyre<\/p>\n\n\n\n<p>Delarrang\u00f8rer Teaterkonferansen<\/p>\n\n\n\n<p>MOMS og VO<\/p>\n\n\n\n<p>2021 HOVEDSATSNINGER: TEATERFAGLIG P\u00c5FYLL<\/p>\n\n\n\n<p>Delarrang\u00f8rer Teaterkonferansen og faghelg i Kristiansand p\u00e5 Roseg\u00e5den Teaterhus<\/p>\n\n\n\n<p>MOMS og VO \u2013 og tilleggsordning stimuleringsmidler grunnet pandemi<\/p>\n\n\n\n<p>Laget 4 fagseminar digitalt, to forelesninger og to fagintervju; Inspisient, Scenemester, Scenograf, Dramas, revytekster, dramal\u00e6rer, barneteaterinstruksjon, Dramaturgi og manusbearbeidelser, og lysdesign.<\/p>\n\n\n\n<p><strong>2022<\/strong><\/p>\n\n\n\n<p><strong>HOVEDSATSNING: INKLUDERING<\/strong><\/p>\n\n\n\n<p>-Kurs med Sjiraffen kultur- og kompetansesenter I alle r\u00e5dene om inkludering<\/p>\n\n\n\n<p>-Delarrang\u00f8r p\u00e5 Teaterkonferansen og Faghelg Sandefjord \u2013 Hva n\u00e5 etter korona og behov for inkluderingsprosjekt<\/p>\n\n\n\n<p>-Film om VO og Moms<\/p>\n\n\n\n<p>-Inkluderingsplakat<\/p>\n\n\n\n<p>-MOMS og VO<\/p>\n\n\n\n<p><strong>2023<\/strong><\/p>\n\n\n\n<p><strong>HOVEDSATSNING: MENTAL HELSE OG VOKSENTEATER<\/strong><\/p>\n\n\n\n<p>-Revyhelg \u00abFengslende revy\u00bb i Hof i Vestfold<\/p>\n\n\n\n<p>-Delarrang\u00f8r Teaterkonferansen 2023 og Faghelg Helsfyr Oslo og Oslo Teatersenter<\/p>\n\n\n\n<p>-Forumteater i Trondheim og Agder, Digital seminar med Mental Helse, MeToo kampanje<\/p>\n\n\n\n<p>&#8211; MOMS og VO<\/p>\n\n\n\n<p><strong>2024<\/strong><\/p>\n\n\n\n<p><strong>HOVEDSATSNING: STYRKE V\u00c5RT SAMARBEID I NRT, REVIDERE VEDTEKTER OG LAGD NY EN STRATEGIPLAN<\/strong><\/p>\n\n\n\n<p>-Revystevne Holtekilen Folkeh\u00f8gskole 7.-9.juni<\/p>\n\n\n\n<p>-To Digitalt kurs i VO og en i momsrefusjon.<\/p>\n\n\n\n<p>-Digitalt regikurs om kj\u00f8replan hele Norge, Kurs i Sang Tr\u00f8ndelag, kurs i sying i Rogaland<\/p>\n\n\n\n<p>-Faghelg 12.-14. april i Sandefjord Vestfold, og 15.-17.nob i Oslo Bastionen.<\/p>\n\n\n\n<p>-Ble valgt inn i interimstyret i Teaterforbundet Norge<\/p>\n","protected":false},"excerpt":{"rendered":"<p>2025 I 2025 har nettverk for regionale teaterr\u00e5d ekstra fokus p\u00e5 voksenteater og helse Vi \u00f8nsker \u00e5 sette fokus p\u00e5 den helsegevinsten vi mener at voksne kan f\u00e5 gjennom \u00e5 drive med amat\u00f8rteater. V\u00e5rt andre satsingsomr\u00e5de i 2025 er p\u00e5 nettside og synlighet Vi jobber med \u00e5 bygge opp en [&hellip;]<\/p>\n","protected":false},"author":1,"featured_media":57,"parent":0,"menu_order":0,"comment_status":"closed","ping_status":"closed","template":"","meta":{"pagelayer_contact_templates":[],"_pagelayer_content":"","_themeisle_gutenberg_block_has_review":false,"footnotes":""},"class_list":["post-289","page","type-page","status-publish","has-post-thumbnail","hentry"],"_links":{"self":[{"href":"https:\/\/xn--teaterrd-g0a.no\/index.php\/wp-json\/wp\/v2\/pages\/289","targetHints":{"allow":["GET"]}}],"collection":[{"href":"https:\/\/xn--teaterrd-g0a.no\/index.php\/wp-json\/wp\/v2\/pages"}],"about":[{"href":"https:\/\/xn--teaterrd-g0a.no\/index.php\/wp-json\/wp\/v2\/types\/page"}],"author":[{"embeddable":true,"href":"https:\/\/xn--teaterrd-g0a.no\/index.php\/wp-json\/wp\/v2\/users\/1"}],"replies":[{"embeddable":true,"href":"https:\/\/xn--teaterrd-g0a.no\/index.php\/wp-json\/wp\/v2\/comments?post=289"}],"version-history":[{"count":4,"href":"https:\/\/xn--teaterrd-g0a.no\/index.php\/wp-json\/wp\/v2\/pages\/289\/revisions"}],"predecessor-version":[{"id":440,"href":"https:\/\/xn--teaterrd-g0a.no\/index.php\/wp-json\/wp\/v2\/pages\/289\/revisions\/440"}],"wp:featuredmedia":[{"embeddable":true,"href":"https:\/\/xn--teaterrd-g0a.no\/index.php\/wp-json\/wp\/v2\/media\/57"}],"wp:attachment":[{"href":"https:\/\/xn--teaterrd-g0a.no\/index.php\/wp-json\/wp\/v2\/media?parent=289"}],"curies":[{"name":"wp","href":"https:\/\/api.w.org\/{rel}","templated":true}]}}