{"id":32,"date":"2025-05-16T12:58:16","date_gmt":"2025-05-16T12:58:16","guid":{"rendered":"https:\/\/xn--teaterrd-g0a.no\/?page_id=32"},"modified":"2026-04-27T13:48:50","modified_gmt":"2026-04-27T13:48:50","slug":"forenklet-momskompensasjon","status":"publish","type":"page","link":"https:\/\/xn--teaterrd-g0a.no\/index.php\/forenklet-momskompensasjon\/","title":{"rendered":"Momskompensasjon"},"content":{"rendered":"\n\n\n\n\n<p>Som medlem i ett av v\u00e5re regionale teaterr\u00e5d kan du s\u00f8ke forenklet momskompensasjon gjennom Nettverk for regionale teaterr\u00e5d.<\/p>\n\n\n\n<p>Frist er&nbsp;<strong>30.juni.<\/strong>&nbsp;<\/p>\n\n\n\n<p>Link:\u00a0<a href=\"https:\/\/eu.jotform.com\/form\/260753309241049\">https:\/\/eu.jotform.com\/form\/260753309241049<\/a><\/p>\n\n\n\n<p>I s\u00f8knadsskjemaet m\u00e5 dere oppgi organisasjonsnummer, kontonummer til teatergruppen og legge ved regnskap for forrige \u00e5r (gjerne signert). Det tar bare noen minutter \u00e5 fylle ut skjemaet om du har funnet frem disse tre tingene.<\/p>\n\n\n\n<p>KRAV: Dere m\u00e5 v\u00e6re registrert i Frivillighetsregisteret for \u00e5 kunne s\u00f8ke om momsrefusjon fra Lotteri- og Stiftelsestilsynet.&nbsp;<\/p>\n\n\n\n<p>NRT ordner alt for dere gratis; revisjon, innsending og utdeling.&nbsp;Pengene dere mottar i ordningen settes inn p\u00e5 kontoen deres i desember.<\/p>\n\n\n\n\n\n<figure class=\"wp-block-embed is-type-video is-provider-vimeo wp-block-embed-vimeo wp-embed-aspect-16-9 wp-has-aspect-ratio\"><div class=\"wp-block-embed__wrapper\">\n<iframe loading=\"lazy\" title=\"NRT - Forenklet momsrefusjon p\u00e5 1-2-3\" src=\"https:\/\/player.vimeo.com\/video\/766511198?dnt=1&amp;app_id=122963\" width=\"750\" height=\"422\" frameborder=\"0\" allow=\"autoplay; fullscreen; picture-in-picture; clipboard-write; encrypted-media; web-share\" referrerpolicy=\"strict-origin-when-cross-origin\"><\/iframe>\n<\/div><\/figure>\n","protected":false},"excerpt":{"rendered":"","protected":false},"author":1,"featured_media":11,"parent":0,"menu_order":0,"comment_status":"closed","ping_status":"closed","template":"","meta":{"pagelayer_contact_templates":[],"_pagelayer_content":"","_themeisle_gutenberg_block_has_review":false,"footnotes":""},"class_list":["post-32","page","type-page","status-publish","has-post-thumbnail","hentry"],"_links":{"self":[{"href":"https:\/\/xn--teaterrd-g0a.no\/index.php\/wp-json\/wp\/v2\/pages\/32","targetHints":{"allow":["GET"]}}],"collection":[{"href":"https:\/\/xn--teaterrd-g0a.no\/index.php\/wp-json\/wp\/v2\/pages"}],"about":[{"href":"https:\/\/xn--teaterrd-g0a.no\/index.php\/wp-json\/wp\/v2\/types\/page"}],"author":[{"embeddable":true,"href":"https:\/\/xn--teaterrd-g0a.no\/index.php\/wp-json\/wp\/v2\/users\/1"}],"replies":[{"embeddable":true,"href":"https:\/\/xn--teaterrd-g0a.no\/index.php\/wp-json\/wp\/v2\/comments?post=32"}],"version-history":[{"count":7,"href":"https:\/\/xn--teaterrd-g0a.no\/index.php\/wp-json\/wp\/v2\/pages\/32\/revisions"}],"predecessor-version":[{"id":539,"href":"https:\/\/xn--teaterrd-g0a.no\/index.php\/wp-json\/wp\/v2\/pages\/32\/revisions\/539"}],"wp:featuredmedia":[{"embeddable":true,"href":"https:\/\/xn--teaterrd-g0a.no\/index.php\/wp-json\/wp\/v2\/media\/11"}],"wp:attachment":[{"href":"https:\/\/xn--teaterrd-g0a.no\/index.php\/wp-json\/wp\/v2\/media?parent=32"}],"curies":[{"name":"wp","href":"https:\/\/api.w.org\/{rel}","templated":true}]}}