{"id":325,"date":"2025-09-29T09:07:19","date_gmt":"2025-09-29T09:07:19","guid":{"rendered":"https:\/\/xn--teaterrd-g0a.no\/?page_id=325"},"modified":"2025-09-29T09:07:19","modified_gmt":"2025-09-29T09:07:19","slug":"vedtekter-for-nettverk-for-regionale-teaterrad-nrt","status":"publish","type":"page","link":"https:\/\/xn--teaterrd-g0a.no\/index.php\/vedtekter-for-nettverk-for-regionale-teaterrad-nrt\/","title":{"rendered":"Vedtekter for Nettverk for regionale teaterr\u00e5d (NRT)"},"content":{"rendered":"\n<p><br>Utarbeidet 2017<br>Revidert og godkjent av \u00e5rsm\u00f8tet 27.4.2025<br><\/p>\n\n\n\n<p>\u00a7 1<br>NRT er et fellesr\u00e5d for regionale organisasjoner med fokus p\u00e5 lokalt teater og amat\u00f8rteater.<br><\/p>\n\n\n\n<p>\u00a7 2 FORM\u00c5L<br>NRT skal v\u00e6re et forum for felles teaterfaglig og politisk arbeid. NRT skal bringe videre og ivareta medlemmenes interesser overfor myndigheter b\u00e5de p\u00e5 regionalt og nasjonalt plan.<br>Ved \u00e5:<br>a) st\u00f8tte utbredelse av amat\u00f8rteater i Norge.<br>b) fremme samarbeidet mellom medlemsorganisasjonene.<br>c) v\u00e6re et kontaktledd mellom medlemsorganisasjonene og andre nasjonale organisasjoner.<br>d) stimulere til \u00f8kt kjennskap og forst\u00e5else for amat\u00f8rteaterarbeid i Norge.<br><\/p>\n\n\n\n<p>\u00a7 3 ARBEIDSOMR\u00c5DER<br>NRT skal jobbe for \u00e5:<br>\u25cfv\u00e6re et bindeledd mellom medlemsorganisasjoner og amat\u00f8rteaterfeltet.<br>\u25cfstimulere til fellestiltak.<br>\u25cfivareta medlemsorganisasjonenes interesser.<br>\u25cfdrive informasjons- og opplysningsarbeid.<br><\/p>\n\n\n\n<p>\u00a7 4 MEDLEMSKAP<br>Frivillige organisasjoner og r\u00e5d som arbeider med amat\u00f8rteater p\u00e5 regionalt niv\u00e5 i Norge kan s\u00f8ke om medlemskap i NRT.<br>Nye medlemmer tas opp fortl\u00f8pende av styret. S\u00f8knaden skal v\u00e6re skriftlig med vedlagt \u00e5rsrapport, vedtekter og oppdaterte medlemslister.<br><br>\u00a7 5 KONTINGENT<br>Kontingenten fastsettes av \u00e5rsm\u00f8tet. Kontingenten gjelder for p\u00e5f\u00f8lgende \u00e5r og skal v\u00e6re betalt innen 1.3. Forslag til endring i kontingent f\u00f8lger regel i \u00a76 om innkomne forslag til \u00e5rsm\u00f8tet og skal v\u00e6re styret i hende minimum 20 dager f\u00f8r \u00e5rsm\u00f8tet.<br><\/p>\n\n\n\n<p>\u00a7 6 \u00c5RSM\u00d8TE<br>Alle som oppfyller krav til medlemskap etter \u00a74 og kontingent etter \u00a75 har rett til \u00e5 sende to representanter med tale-, forslags- og stemmerett, samt to observat\u00f8rer med talerett.<br>\u00c5rsm\u00f8tet i NRT avholdes innen utgangen av mai. Varsel om \u00e5rsm\u00f8tet sendes ut senest 30 dager f\u00f8r m\u00f8tet. Innkalling og sakspapirer sendes ut senest 14 dager f\u00f8r \u00e5rsm\u00f8tet.<br>Innkomne saker skal v\u00e6re styret i hende senest 20 dager f\u00f8r \u00e5rsm\u00f8tet. \u00c5rsm\u00f8tet skal kun behandle saker i henhold til fast dagsorden.<br>Hvert medlem skal melde inn forslag til et styremedlem med personlig vara.<br>Styret foresl\u00e5r revisor.<br>\u00c5rsm\u00f8tet skal behandle f\u00f8lgende saker:<\/p>\n\n\n\n<ul class=\"wp-block-list\">\n<li>\u00e5rsmelding<\/li>\n\n\n\n<li>\u00e5rsregnskap<\/li>\n\n\n\n<li>medlemskontingent<\/li>\n\n\n\n<li>arbeidsplan<\/li>\n\n\n\n<li>innkomne saker<\/li>\n\n\n\n<li>budsjett<\/li>\n\n\n\n<li>valg:<\/li>\n\n\n\n<li>Leder (for 1 \u00e5r)<\/li>\n\n\n\n<li>Styrerepresentant for hvert medlem (for 2 \u00e5r) + personlig vara (for 1 \u00e5r)<\/li>\n\n\n\n<li>Revisor (for 1 \u00e5r)<br>Styreleder velges separat av \u00e5rsm\u00f8tet, og resten av styret konstituerer seg selv.<br>Valg av styrerepresentanter foreg\u00e5r slik at halvparten alltid er p\u00e5 valg.<br><br>Styret er vedtaksdyktige n\u00e5r styreleder eller nestleder og minst to styremedlemmer er tilstede. Styrets vedtak fattes ved simpelt flertall, og ved stemmelikhet har styreleder dobbeltstemme. Vara har m\u00f8te og talerett, men kun stemmerett n\u00e5r vedkommende m\u00f8ter p\u00e5 vegne av sitt styremedlem.<br>Hvis valgt styrerepresentant\/ vara slutter i sitt regionale r\u00e5d, m\u00e5 det regionale r\u00e5det velge en ny representant til NRT for resterende periode og melde ifra om dette til NRT umiddelbart.<br>Styreleder og et styremedlem har signaturrett.<\/li>\n<\/ul>\n\n\n\n<p><\/p>\n\n\n\n<p>\u00a7 7 EKSTRAORDIN\u00c6RT \u00c5RSM\u00d8TE<br>Ekstraordin\u00e6rt \u00e5rsm\u00f8te skal avholdes dersom styret, eller minst halvparten av medlemmene \u00f8nsker det. Ekstraordin\u00e6rt \u00e5rsm\u00f8te skal bare behandle de sakene som m\u00f8tet er innkalt til. Skriftlig innkalling med saksliste skal skje med minst 14 dagers varsel.<br><\/p>\n\n\n\n<p>\u00a7 8 VEDTEKTSENDRING<br>Vedtektene i NRT kan ikke overpr\u00f8ve de enkelte medlemmers vedtekter, form\u00e5l eller arbeidsplaner. Endringer i NRT sine egne vedtekter krever 2\/3 flertall p\u00e5 \u00e5rsm\u00f8tet.<br><\/p>\n\n\n\n<p>\u00a7 9 OPPL\u00d8SNING<br>Vedtak om oppl\u00f8sning av NRT krever 2\/3 flertall p\u00e5 to p\u00e5f\u00f8lgende ordin\u00e6re \u00e5rsm\u00f8ter. Ved oppl\u00f8sning fordeles mulige midler i NRT likt mellom medlemmene til beste for amat\u00f8rteater.<br><\/p>\n\n\n\n<p>\u00a7 10 EKSLUSJON<br>Styremedlemmer som p\u00e5 en eller annen m\u00e5te opptrer illojalt mot NRT kan fratas sitt styreverv i NRT. Det er styret i NRT som tar avgj\u00f8relse om dette.<br>En eventuell eksklusjon kan ankes til et ekstraordin\u00e6rt \u00e5rsm\u00f8te som har det endelige ordet i saken. Ankefrist er 14 dager etter vedtak om eksklusjon og NRT plikter \u00e5 avholde ekstraordin\u00e6rt \u00e5rsm\u00f8te for \u00e5 behandle anken.<\/p>\n","protected":false},"excerpt":{"rendered":"<p>Utarbeidet 2017Revidert og godkjent av \u00e5rsm\u00f8tet 27.4.2025 \u00a7 1NRT er et fellesr\u00e5d for regionale organisasjoner med fokus p\u00e5 lokalt teater og amat\u00f8rteater. \u00a7 2 FORM\u00c5LNRT skal v\u00e6re et forum for felles teaterfaglig og politisk arbeid. NRT skal bringe videre og ivareta medlemmenes interesser overfor myndigheter b\u00e5de p\u00e5 regionalt og nasjonalt [&hellip;]<\/p>\n","protected":false},"author":1,"featured_media":0,"parent":0,"menu_order":0,"comment_status":"closed","ping_status":"closed","template":"","meta":{"pagelayer_contact_templates":[],"_pagelayer_content":"","_themeisle_gutenberg_block_has_review":false,"footnotes":""},"class_list":["post-325","page","type-page","status-publish","hentry"],"_links":{"self":[{"href":"https:\/\/xn--teaterrd-g0a.no\/index.php\/wp-json\/wp\/v2\/pages\/325","targetHints":{"allow":["GET"]}}],"collection":[{"href":"https:\/\/xn--teaterrd-g0a.no\/index.php\/wp-json\/wp\/v2\/pages"}],"about":[{"href":"https:\/\/xn--teaterrd-g0a.no\/index.php\/wp-json\/wp\/v2\/types\/page"}],"author":[{"embeddable":true,"href":"https:\/\/xn--teaterrd-g0a.no\/index.php\/wp-json\/wp\/v2\/users\/1"}],"replies":[{"embeddable":true,"href":"https:\/\/xn--teaterrd-g0a.no\/index.php\/wp-json\/wp\/v2\/comments?post=325"}],"version-history":[{"count":1,"href":"https:\/\/xn--teaterrd-g0a.no\/index.php\/wp-json\/wp\/v2\/pages\/325\/revisions"}],"predecessor-version":[{"id":326,"href":"https:\/\/xn--teaterrd-g0a.no\/index.php\/wp-json\/wp\/v2\/pages\/325\/revisions\/326"}],"wp:attachment":[{"href":"https:\/\/xn--teaterrd-g0a.no\/index.php\/wp-json\/wp\/v2\/media?parent=325"}],"curies":[{"name":"wp","href":"https:\/\/api.w.org\/{rel}","templated":true}]}}