{"id":334,"date":"2025-09-29T09:27:45","date_gmt":"2025-09-29T09:27:45","guid":{"rendered":"https:\/\/xn--teaterrd-g0a.no\/?page_id=334"},"modified":"2025-11-19T20:49:36","modified_gmt":"2025-11-19T20:49:36","slug":"produksjon","status":"publish","type":"page","link":"https:\/\/xn--teaterrd-g0a.no\/index.php\/produksjon\/","title":{"rendered":"Produksjon"},"content":{"rendered":"\n\n\n<p>Produksjon av en teaterforestilling&nbsp;involverer en rekke stadier, fra planlegging, budsjettering, og koordinering av skuespillere og tekniske team, til selve fremf\u00f8ringen.&nbsp;Prosessen omfatter utvikling av manus, scenografi, kostymer, lys- og lyddesign, og sikrer at alle praktiske aspekter er p\u00e5 plass for pr\u00f8ver, premiere og turn\u00e9.&nbsp;En sentral rolle er produsenten, som har det overordnede ansvaret for at produksjonen blir klar, mens en&nbsp;<a href=\"https:\/\/www.google.com\/search?cs=0&amp;sca_esv=89fc9c58379db198&amp;sxsrf=AE3TifNTw2MQ0NcARH1wQjsy3EGcRPdd8w%3A1759137691349&amp;q=inspisient&amp;sa=X&amp;ved=2ahUKEwj0xa7J0v2PAxWoBhAIHakCGocQxccNegQIBRAB&amp;mstk=AUtExfCu3wx2NFZ9RauNfmo6Z82uwD5XV36utJgOkUKLdiNvJ3Fp97xlP-9hBIdeL7PRYkib3sguoVcfxqYzZu65_88XQytC-PUpbRgFPqL5haqSjxpEdxD6JfORj_3TZ7tesVCFpogY0OaH5RFY4NxAaUrAKimknq0Anw-g9RcqIet82aI&amp;csui=3\" target=\"_blank\" rel=\"noreferrer noopener\">inspisient<\/a>&nbsp;koordinerer og sikrer at de praktiske og kunstneriske elementene fungerer sammen p\u00e5 scenen.&nbsp;<\/p>\n\n\n\n<p>Planlegging og koordinering<\/p>\n\n\n\n<ul class=\"wp-block-list\">\n<li><strong>Overordnet ansvar:<\/strong>&nbsp;<\/li>\n<\/ul>\n\n\n\n<p>Produsenten er ansvarlig for hele prosessen, inkludert budsjettering, ledelse og koordinering av de ulike delene av produksjonen.&nbsp;<\/p>\n\n\n\n<ul class=\"wp-block-list\">\n<li><strong>Teamarbeid:<\/strong>&nbsp;<\/li>\n<\/ul>\n\n\n\n<p>Produksjonen krever et tverrfaglig samarbeid mellom regiss\u00f8rer, skuespillere, scenografer, lys- og lydteknikere, og kostymedesignere.&nbsp;<\/p>\n\n\n\n<p>Utvikling og skapelse&nbsp;<\/p>\n\n\n\n<ul class=\"wp-block-list\">\n<li><strong>Kunstnerisk uttrykk:<\/strong>&nbsp;<\/li>\n<\/ul>\n\n\n\n<p>En viktig del av produksjonen er \u00e5 utforske ulike kunstneriske uttrykk gjennom musikk, teater, dans, film, og andre visuelle elementer.<\/p>\n\n\n\n<ul class=\"wp-block-list\">\n<li><strong>Teknisk st\u00f8tte:<\/strong>&nbsp;<\/li>\n<\/ul>\n\n\n\n<p>Lys-, lyd- og scenografidesign er avgj\u00f8rende for \u00e5 skape den rette atmosf\u00e6ren og atmosf\u00e6ren i forestillingen.<\/p>\n\n\n\n<p>Pr\u00f8ver og fremf\u00f8ring<\/p>\n\n\n\n<ul class=\"wp-block-list\">\n<li><strong>Praktiske forberedelser:<\/strong>&nbsp;<\/li>\n<\/ul>\n\n\n\n<p>Under pr\u00f8vene brukes teip p\u00e5 gulvet for \u00e5 markere hvor sceneelementer skal st\u00e5, og det legges vekt p\u00e5 \u00e5 f\u00e5 mange gjennomganger f\u00f8r premieren.&nbsp;<\/p>\n\n\n\n<ul class=\"wp-block-list\">\n<li><strong>Inspisientens rolle:<\/strong>&nbsp;<\/li>\n<\/ul>\n\n\n\n<p>Inspisienten fungerer som bindeleddet mellom regiss\u00f8r og teknisk avdeling, og passer p\u00e5 at alt g\u00e5r som planlagt, fra kostymeskift til lys- og lyd-cue.&nbsp;<\/p>\n\n\n\n<ul class=\"wp-block-list\">\n<li><strong>Logistikk:<\/strong>&nbsp;<\/li>\n<\/ul>\n\n\n\n<p>S\u00f8rg for at alle m\u00f8ter til avtalt tid for oppvarming, kostymebytter og scene\u00f8velser for \u00e5 sikre en smidig prosess.&nbsp;<\/p>\n\n\n\n<p>Scenefolk.no og HATS har begge gode beskrivelser av produksjon, her kan du ogs\u00e5 laste ned produksjonsplaner og eksempler p\u00e5 produksjonsbeskrivelse som kan v\u00e6re gode \u00e5 ha i forbindelse med s\u00f8knader om st\u00f8tte: <\/p>\n\n\n\n<p><a href=\"https:\/\/scenefolk.no\/index.php\/nb\/artikler\/2022\/11\/en-plan-hjelper\">https:\/\/scenefolk.no\/index.php\/nb\/artikler\/2022\/11\/en-plan-hjelper<\/a><\/p>\n\n\n\n<p><a href=\"https:\/\/kunstkultursenteret.no\/ressursbase\/produksjonsplan-et-nyttig-verktoy-i-arbeid-med-skoleforestillinger\/\">https:\/\/kunstkultursenteret.no\/ressursbase\/produksjonsplan-et-nyttig-verktoy-i-arbeid-med-skoleforestillinger\/<\/a><\/p>\n\n\n\n<p><a href=\"https:\/\/hats.no\/teoripakke\/side\/roller-i-en-produksjon\">https:\/\/hats.no\/teoripakke\/side\/roller-i-en-produksjon<\/a><\/p>\n\n\n\n<details class=\"wp-block-details is-layout-flow wp-block-details-is-layout-flow\"><summary><\/summary>\n<p><\/p>\n<\/details>\n\n\n\n<p><\/p>\n","protected":false},"excerpt":{"rendered":"<p>Produksjon av en teaterforestilling&nbsp;involverer en rekke stadier, fra planlegging, budsjettering, og koordinering av skuespillere og tekniske team, til selve fremf\u00f8ringen.&nbsp;Prosessen omfatter utvikling av manus, scenografi, kostymer, lys- og lyddesign, og sikrer at alle praktiske aspekter er p\u00e5 plass for pr\u00f8ver, premiere og turn\u00e9.&nbsp;En sentral rolle er produsenten, som har det [&hellip;]<\/p>\n","protected":false},"author":1,"featured_media":312,"parent":0,"menu_order":0,"comment_status":"closed","ping_status":"closed","template":"","meta":{"pagelayer_contact_templates":[],"_pagelayer_content":"","_themeisle_gutenberg_block_has_review":false,"footnotes":""},"class_list":["post-334","page","type-page","status-publish","has-post-thumbnail","hentry"],"_links":{"self":[{"href":"https:\/\/xn--teaterrd-g0a.no\/index.php\/wp-json\/wp\/v2\/pages\/334","targetHints":{"allow":["GET"]}}],"collection":[{"href":"https:\/\/xn--teaterrd-g0a.no\/index.php\/wp-json\/wp\/v2\/pages"}],"about":[{"href":"https:\/\/xn--teaterrd-g0a.no\/index.php\/wp-json\/wp\/v2\/types\/page"}],"author":[{"embeddable":true,"href":"https:\/\/xn--teaterrd-g0a.no\/index.php\/wp-json\/wp\/v2\/users\/1"}],"replies":[{"embeddable":true,"href":"https:\/\/xn--teaterrd-g0a.no\/index.php\/wp-json\/wp\/v2\/comments?post=334"}],"version-history":[{"count":10,"href":"https:\/\/xn--teaterrd-g0a.no\/index.php\/wp-json\/wp\/v2\/pages\/334\/revisions"}],"predecessor-version":[{"id":500,"href":"https:\/\/xn--teaterrd-g0a.no\/index.php\/wp-json\/wp\/v2\/pages\/334\/revisions\/500"}],"wp:featuredmedia":[{"embeddable":true,"href":"https:\/\/xn--teaterrd-g0a.no\/index.php\/wp-json\/wp\/v2\/media\/312"}],"wp:attachment":[{"href":"https:\/\/xn--teaterrd-g0a.no\/index.php\/wp-json\/wp\/v2\/media?parent=334"}],"curies":[{"name":"wp","href":"https:\/\/api.w.org\/{rel}","templated":true}]}}