{"id":34,"date":"2025-05-16T12:58:39","date_gmt":"2025-05-16T12:58:39","guid":{"rendered":"https:\/\/xn--teaterrd-g0a.no\/?page_id=34"},"modified":"2025-06-26T13:00:14","modified_gmt":"2025-06-26T13:00:14","slug":"voksenopplaeringsmidler","status":"publish","type":"page","link":"https:\/\/xn--teaterrd-g0a.no\/index.php\/voksenopplaeringsmidler\/","title":{"rendered":"Voksenoppl\u00e6ringsmidler"},"content":{"rendered":"\n<p>VO-midler f\u00e5r v\u00e5re teatergrupper tilgang til fordi NRT er medlem i&nbsp;<strong>Studieforbundet Kultur og Tradisjon.<\/strong>&nbsp;Teatergrupper tilknyttet v\u00e5re r\u00e5d s\u00f8ker VO midler. Slik gj\u00f8r du det:<\/p>\n\n\n\n<ol class=\"wp-block-list\">\n<li>G\u00e5 til\u00a0<a href=\"http:\/\/www.kulturogtradsjon.no\/\">kulturogtradsjon.no<\/a><\/li>\n\n\n\n<li>S\u00f8k gjennom Nettverk for regionale teaterr\u00e5d (Deres regionsr\u00e5d st\u00e5r ikke som alternativ).<\/li>\n\n\n\n<li>Velg mellom flere studieplan til en og samme produksjon. De mest vanlig er \u00e5 velge studieplan for skuespillerteknikk (for \u00f8velser), lyd og lys (for teknikerne), scenografi (for scenografigruppa), og s\u00e5 videre.<\/li>\n\n\n\n<li>Husk aktiveten m\u00e5 vare i 8 timer med 3 personer (med eller uten l\u00e6rer) som er\/fyller 14 \u00e5r. (Selve gruppa kan best\u00e5 av alle fra 0-100 \u00e5r.)<\/li>\n\n\n\n<li>Husk \u00e5 meld inn kurset f\u00f8r dere starter kurs eller produksjon.<\/li>\n\n\n\n<li>Dere f\u00e5r mellom 90-100 kroner per time. (Det varierer). Betales ut etter rapport.<\/li>\n\n\n\n<li>Kursene m\u00e5 registreres og rapporteres: De krever fullt navn, kommunenummer og f\u00f8dsels\u00e5r p\u00e5 alle deltagere p\u00e5 kurset. Ved neste registering ligger de inne i VO basen.<\/li>\n\n\n\n<li>Finn en i gruppa som er ansvarlig for hvem som m\u00f8ter n\u00e5r og hvor mange timer.<\/li>\n<\/ol>\n\n\n\n<p>Trenger du hjelp: ring eller mail ditt regionale r\u00e5d, eller Studieforbundet Kultur og Tradisjon.<\/p>\n\n\n\n<figure class=\"wp-block-embed is-type-video is-provider-vimeo wp-block-embed-vimeo wp-embed-aspect-16-9 wp-has-aspect-ratio\"><div class=\"wp-block-embed__wrapper\">\n<iframe loading=\"lazy\" title=\"NRT - Voksenoppl\u00e6ringsmidler, &quot;How 2 do it&quot;\" src=\"https:\/\/player.vimeo.com\/video\/783247366?dnt=1&amp;app_id=122963\" width=\"750\" height=\"422\" frameborder=\"0\" allow=\"autoplay; fullscreen; picture-in-picture; clipboard-write; encrypted-media; web-share\"><\/iframe>\n<\/div><\/figure>\n","protected":false},"excerpt":{"rendered":"<p>VO-midler f\u00e5r v\u00e5re teatergrupper tilgang til fordi NRT er medlem i&nbsp;Studieforbundet Kultur og Tradisjon.&nbsp;Teatergrupper tilknyttet v\u00e5re r\u00e5d s\u00f8ker VO midler. Slik gj\u00f8r du det: Trenger du hjelp: ring eller mail ditt regionale r\u00e5d, eller Studieforbundet Kultur og Tradisjon.<\/p>\n","protected":false},"author":1,"featured_media":0,"parent":0,"menu_order":0,"comment_status":"closed","ping_status":"closed","template":"","meta":{"pagelayer_contact_templates":[],"_pagelayer_content":"","_themeisle_gutenberg_block_has_review":false,"footnotes":""},"class_list":["post-34","page","type-page","status-publish","hentry"],"_links":{"self":[{"href":"https:\/\/xn--teaterrd-g0a.no\/index.php\/wp-json\/wp\/v2\/pages\/34","targetHints":{"allow":["GET"]}}],"collection":[{"href":"https:\/\/xn--teaterrd-g0a.no\/index.php\/wp-json\/wp\/v2\/pages"}],"about":[{"href":"https:\/\/xn--teaterrd-g0a.no\/index.php\/wp-json\/wp\/v2\/types\/page"}],"author":[{"embeddable":true,"href":"https:\/\/xn--teaterrd-g0a.no\/index.php\/wp-json\/wp\/v2\/users\/1"}],"replies":[{"embeddable":true,"href":"https:\/\/xn--teaterrd-g0a.no\/index.php\/wp-json\/wp\/v2\/comments?post=34"}],"version-history":[{"count":2,"href":"https:\/\/xn--teaterrd-g0a.no\/index.php\/wp-json\/wp\/v2\/pages\/34\/revisions"}],"predecessor-version":[{"id":183,"href":"https:\/\/xn--teaterrd-g0a.no\/index.php\/wp-json\/wp\/v2\/pages\/34\/revisions\/183"}],"wp:attachment":[{"href":"https:\/\/xn--teaterrd-g0a.no\/index.php\/wp-json\/wp\/v2\/media?parent=34"}],"curies":[{"name":"wp","href":"https:\/\/api.w.org\/{rel}","templated":true}]}}