{"id":42,"date":"2025-05-16T13:00:07","date_gmt":"2025-05-16T13:00:07","guid":{"rendered":"https:\/\/xn--teaterrd-g0a.no\/?page_id=42"},"modified":"2025-08-25T09:25:27","modified_gmt":"2025-08-25T09:25:27","slug":"skjemaer-og-linker","status":"publish","type":"page","link":"https:\/\/xn--teaterrd-g0a.no\/index.php\/skjemaer-og-linker\/","title":{"rendered":"Skjemaer og linker"},"content":{"rendered":"\n<p>\u00c5 drive med amat\u00f8rteater er ikke alltid bare lek og moro &#8211; det ligger mye papirarbeid bak. P\u00e5 denne siden vil du finne linker til alle mulige skjemaer og huskelister du kan f\u00e5 bruk for.<\/p>\n\n\n\n<p><a href=\"https:\/\/www.brreg.no\/lag-og-foreninger\/\" data-type=\"link\" data-id=\"https:\/\/www.brreg.no\/\"><strong>Br\u00f8nn\u00f8ysundregisteret<\/strong><\/a><\/p>\n\n\n\n<p>Vi anbefaler alle amat\u00f8rteatere \u00e5 registrere seg i Br\u00f8nn\u00f8ysundregisteret. Dette gir laget ditt et organisasjonsnummer, dette m\u00e5 du ha for \u00e5 f\u00e5 bankkonto og registrere laget i Frivillighetsregisteret. Mange st\u00f8tteordninger krever ogs\u00e5 organisasjonsnummer. F\u00f8r registrering m\u00e5 laget ha utarbeidet et sett med vedtekter. <\/p>\n\n\n\n<p><a href=\"https:\/\/www.brreg.no\/registrering-i-frivillighetsregisteret\/\" data-type=\"link\" data-id=\"https:\/\/www.brreg.no\/registrering-i-frivillighetsregisteret\/\"><strong>Frivillighetsregisteret<\/strong><\/a><\/p>\n\n\n\n<p>Vi anbefaler alle amat\u00f8rteatere \u00e5 registrere seg i Frivillighetsregisteret. Organisasjoner som er registrert i Frivillighetsregisteret, kan blant annet: <\/p>\n\n\n\n<ul class=\"wp-block-list\">\n<li>s\u00f8ke om \u00e5 delta i grasrotandelen til Norsk Tipping<\/li>\n\n\n\n<li>s\u00f8ke om momskompensasjon \u2013 f\u00e5 tilbakebetalt moms de har betalt ved kj\u00f8p av varer og tjenester<\/li>\n<\/ul>\n\n\n\n<p>Mange offentlige og private tilskuddsordninger forutsetter registrering i Frivillighetsregisteret.<\/p>\n\n\n\n<p><strong><a href=\"https:\/\/www.frivillighetnorge.no\/verktoy\/organisasjon\/ha-det-formelle-i-orden\/%C3%A5rsm%C3%B8tet\" data-type=\"link\" data-id=\"https:\/\/www.frivillighetnorge.no\/verktoy\/organisasjon\/ha-det-formelle-i-orden\/%C3%A5rsm%C3%B8tet\">\u00c5rsm\u00f8te<\/a><\/strong><\/p>\n\n\n\n<p>F\u00f8lg linken for \u00e5 f\u00e5 all informasjonen du trenger for \u00e5 kunne gjennomf\u00f8re et \u00e5rsm\u00f8te.<\/p>\n\n\n\n<p><a href=\"https:\/\/www.frivillighetnorge.no\/verktoy\/organisasjon\/hvordan-starte-en-ny-organisasjon\" data-type=\"link\" data-id=\"https:\/\/www.frivillighetnorge.no\/verktoy\/organisasjon\/hvordan-starte-en-ny-organisasjon\"><strong>Hvordan starte en ny frivillig organisasjon?<\/strong><\/a><\/p>\n\n\n\n<p><strong><a href=\"https:\/\/www.frivillighetnorge.no\/verktoy\/organisasjon\/hvordan-starte-en-ny-organisasjon\/formell-stiftelse\/vedtekter\" data-type=\"link\" data-id=\"https:\/\/www.frivillighetnorge.no\/verktoy\/organisasjon\/hvordan-starte-en-ny-organisasjon\/formell-stiftelse\/vedtekter\">Vedtekter<\/a><\/strong><\/p>\n\n\n\n<p>F\u00f8lg linken for \u00e5 f\u00e5 all informasjon du trenger for \u00e5 kunne skrive gode vedtekter til ditt amat\u00f8rteater<\/p>\n\n\n\n<p><strong><a href=\"https:\/\/www.frivillighetnorge.no\/verktoy\/organisasjon\/%C3%B8konomi-inntekt-og-forsikring\" data-type=\"link\" data-id=\"https:\/\/www.frivillighetnorge.no\/verktoy\/organisasjon\/%C3%B8konomi-inntekt-og-forsikring\">\u00d8konomi, budsjett og regnskap<\/a><\/strong><\/p>\n\n\n\n<p>F\u00f8lg linken for \u00e5 f\u00e5 informasjon om hvorfor og hvordan du skal holde orden p\u00e5 \u00f8konomien i ditt lag.<\/p>\n\n\n\n<p><strong>F\u00f8re regnskap<\/strong><\/p>\n\n\n\n<p>I dag finnes med mange regnskapsprogrammer som gj\u00f8r det enkelt \u00e5 f\u00f8re regnskap ogs\u00e5 for frivillige organisasjoner. Bakdelen med disse er at de koster penger. Frem til laget ditt har f\u00e5tt god nok \u00f8konomi til \u00e5 kj\u00f8pe et slik regnskapsprogram er det mer enn godt nok \u00e5 f\u00f8re regnskapet i et Excel-ark. <\/p>\n\n\n\n<p>Last ned her:<\/p>\n\n\n\n<div class=\"wp-block-file\"><a id=\"wp-block-file--media-52c34f29-e640-4a99-b535-1ad2b5e54066\" href=\"https:\/\/xn--teaterrd-g0a.no\/wp-content\/uploads\/2025\/06\/Eksempel-pa-regnskap-i-Excel.xlsx\">Eksempel p\u00e5 regnskap i Excel<\/a><a href=\"https:\/\/xn--teaterrd-g0a.no\/wp-content\/uploads\/2025\/06\/Eksempel-pa-regnskap-i-Excel.xlsx\" class=\"wp-block-file__button wp-element-button\" download aria-describedby=\"wp-block-file--media-52c34f29-e640-4a99-b535-1ad2b5e54066\">Last ned<\/a><\/div>\n\n\n\n<p><strong><a href=\"https:\/\/www.frivillighetnorge.no\/verktoy\/organisasjon\/ledelse-og-styrearbeid\/veileder-for-styrearbeid\/ansvar-og-plikter\/hva-er-styrets-ansvar\" data-type=\"link\" data-id=\"https:\/\/www.frivillighetnorge.no\/verktoy\/organisasjon\/ledelse-og-styrearbeid\/veileder-for-styrearbeid\/ansvar-og-plikter\/hva-er-styrets-ansvar\">Styret, styrets ansvar og oppgaver<\/a><\/strong><\/p>\n\n\n\n<p>Frivillighet Norge har laget en styreveileder for frivillige organisasjoner som tar for seg alle oppgaver og plikter et styre har. <\/p>\n\n\n\n<p><strong><a href=\"https:\/\/www.frivillighetnorge.no\/verktoy\/organisasjon\/ha-det-formelle-i-orden\/politiattester\">Politiattest<\/a><\/strong><\/p>\n\n\n\n<p>If\u00f8lge Politiregisterforskriften \u00a7 34-1 kan frivillige organisasjoner hente inn avgrenset politiattest fra \u201dpersoner som, l\u00f8nnet eller ul\u00f8nnet, utf\u00f8rer eller skal utf\u00f8re oppgaver for organisasjonen som inneb\u00e6rer et tillits- eller ansvarsforhold overfor mindre\u00e5rige eller personer med utviklingshemming\u201d. Personene det skal hentes attest fra, m\u00e5 v\u00e6re over 15 \u00e5r.<\/p>\n\n\n\n<p><strong><a href=\"https:\/\/www.datatilsynet.no\/personvern-pa-ulike-omrader\/skole-barn-unge\/bilder-av-barn-pa-nett\/\" data-type=\"link\" data-id=\"https:\/\/www.datatilsynet.no\/personvern-pa-ulike-omrader\/skole-barn-unge\/bilder-av-barn-pa-nett\/\">Skjema for samtykke til publisering av bilder<\/a><\/strong><\/p>\n\n\n\n<p>Skal organisasjonen ta eller dele bilder av barn? I s\u00e5 fall m\u00e5 dere ha gyldig samtykke.<\/p>\n\n\n\n<p><\/p>\n","protected":false},"excerpt":{"rendered":"<p>\u00c5 drive med amat\u00f8rteater er ikke alltid bare lek og moro &#8211; det ligger mye papirarbeid bak. P\u00e5 denne siden vil du finne linker til alle mulige skjemaer og huskelister du kan f\u00e5 bruk for. Br\u00f8nn\u00f8ysundregisteret Vi anbefaler alle amat\u00f8rteatere \u00e5 registrere seg i Br\u00f8nn\u00f8ysundregisteret. Dette gir laget ditt et [&hellip;]<\/p>\n","protected":false},"author":1,"featured_media":45,"parent":0,"menu_order":0,"comment_status":"closed","ping_status":"closed","template":"","meta":{"pagelayer_contact_templates":[],"_pagelayer_content":"","_themeisle_gutenberg_block_has_review":false,"footnotes":""},"class_list":["post-42","page","type-page","status-publish","has-post-thumbnail","hentry"],"_links":{"self":[{"href":"https:\/\/xn--teaterrd-g0a.no\/index.php\/wp-json\/wp\/v2\/pages\/42","targetHints":{"allow":["GET"]}}],"collection":[{"href":"https:\/\/xn--teaterrd-g0a.no\/index.php\/wp-json\/wp\/v2\/pages"}],"about":[{"href":"https:\/\/xn--teaterrd-g0a.no\/index.php\/wp-json\/wp\/v2\/types\/page"}],"author":[{"embeddable":true,"href":"https:\/\/xn--teaterrd-g0a.no\/index.php\/wp-json\/wp\/v2\/users\/1"}],"replies":[{"embeddable":true,"href":"https:\/\/xn--teaterrd-g0a.no\/index.php\/wp-json\/wp\/v2\/comments?post=42"}],"version-history":[{"count":3,"href":"https:\/\/xn--teaterrd-g0a.no\/index.php\/wp-json\/wp\/v2\/pages\/42\/revisions"}],"predecessor-version":[{"id":209,"href":"https:\/\/xn--teaterrd-g0a.no\/index.php\/wp-json\/wp\/v2\/pages\/42\/revisions\/209"}],"wp:featuredmedia":[{"embeddable":true,"href":"https:\/\/xn--teaterrd-g0a.no\/index.php\/wp-json\/wp\/v2\/media\/45"}],"wp:attachment":[{"href":"https:\/\/xn--teaterrd-g0a.no\/index.php\/wp-json\/wp\/v2\/media?parent=42"}],"curies":[{"name":"wp","href":"https:\/\/api.w.org\/{rel}","templated":true}]}}