{"id":54,"date":"2025-05-16T13:53:52","date_gmt":"2025-05-16T13:53:52","guid":{"rendered":"https:\/\/xn--teaterrd-g0a.no\/?page_id=54"},"modified":"2025-11-19T20:50:23","modified_gmt":"2025-11-19T20:50:23","slug":"informasjonsmateriell","status":"publish","type":"page","link":"https:\/\/xn--teaterrd-g0a.no\/index.php\/informasjonsmateriell\/","title":{"rendered":"Informasjonsmateriell"},"content":{"rendered":"\n<p>Her finner du forskjellig informasjonsmateriell som kan v\u00e6re aktuelt for ditt amat\u00f8rteater. Last ned filene, print dem ut og heng opp i ditt \u00f8vingslokale.<\/p>\n\n\n\n\n\n<p>Mental helse i amat\u00f8rteater:<\/p>\n\n\n\n\n\n<div data-wp-interactive=\"core\/file\" class=\"wp-block-file\"><object data-wp-bind--hidden=\"!state.hasPdfPreview\" hidden class=\"wp-block-file__embed\" data=\"https:\/\/xn--teaterrd-g0a.no\/wp-content\/uploads\/2025\/06\/NRT_Plakat_om_Mental_helse.pdf\" type=\"application\/pdf\" style=\"width:100%;height:600px\" aria-label=\"Innbygging av NRT_Plakat_om_Mental_helse\"><\/object><a id=\"wp-block-file--media-3d099a2d-e3f2-48c1-bd77-77ca1678dd2d\" href=\"https:\/\/xn--teaterrd-g0a.no\/wp-content\/uploads\/2025\/06\/NRT_Plakat_om_Mental_helse.pdf\">NRT_Plakat_om_Mental_helse<\/a><a href=\"https:\/\/xn--teaterrd-g0a.no\/wp-content\/uploads\/2025\/06\/NRT_Plakat_om_Mental_helse.pdf\" class=\"wp-block-file__button wp-element-button\" download aria-describedby=\"wp-block-file--media-3d099a2d-e3f2-48c1-bd77-77ca1678dd2d\">Last ned<\/a><\/div>\n\n\n\n<p>Inkludering:<\/p>\n\n\n\n<div data-wp-interactive=\"core\/file\" class=\"wp-block-file\"><object data-wp-bind--hidden=\"!state.hasPdfPreview\" hidden class=\"wp-block-file__embed\" data=\"https:\/\/xn--teaterrd-g0a.no\/wp-content\/uploads\/2025\/06\/NRT_Folder_om_Inkludering.pdf\" type=\"application\/pdf\" style=\"width:100%;height:600px\" aria-label=\"Innbygging av NRT_Folder_om_Inkludering\"><\/object><a id=\"wp-block-file--media-4a57cb45-bcca-404f-b486-42333ee0f156\" href=\"https:\/\/xn--teaterrd-g0a.no\/wp-content\/uploads\/2025\/06\/NRT_Folder_om_Inkludering.pdf\">NRT_Folder_om_Inkludering<\/a><a href=\"https:\/\/xn--teaterrd-g0a.no\/wp-content\/uploads\/2025\/06\/NRT_Folder_om_Inkludering.pdf\" class=\"wp-block-file__button wp-element-button\" download aria-describedby=\"wp-block-file--media-4a57cb45-bcca-404f-b486-42333ee0f156\">Last ned<\/a><\/div>\n\n\n\n<p>Plakat om inkludering:<\/p>\n\n\n\n<div data-wp-interactive=\"core\/file\" class=\"wp-block-file\"><object data-wp-bind--hidden=\"!state.hasPdfPreview\" hidden class=\"wp-block-file__embed\" data=\"https:\/\/xn--teaterrd-g0a.no\/wp-content\/uploads\/2025\/06\/NRT-Plakat_om_inkludering.pdf\" type=\"application\/pdf\" style=\"width:100%;height:600px\" aria-label=\"Innbygging av NRT-Plakat_om_inkludering\"><\/object><a id=\"wp-block-file--media-a2af3458-fcf1-498f-8754-fb5acfd9ad2b\" href=\"https:\/\/xn--teaterrd-g0a.no\/wp-content\/uploads\/2025\/06\/NRT-Plakat_om_inkludering.pdf\">NRT-Plakat_om_inkludering<\/a><a href=\"https:\/\/xn--teaterrd-g0a.no\/wp-content\/uploads\/2025\/06\/NRT-Plakat_om_inkludering.pdf\" class=\"wp-block-file__button wp-element-button\" download aria-describedby=\"wp-block-file--media-a2af3458-fcf1-498f-8754-fb5acfd9ad2b\">Last ned<\/a><\/div>\n\n\n\n<div data-wp-interactive=\"core\/file\" class=\"wp-block-file\"><object data-wp-bind--hidden=\"!state.hasPdfPreview\" hidden class=\"wp-block-file__embed\" data=\"https:\/\/xn--teaterrd-g0a.no\/wp-content\/uploads\/2025\/11\/Folder_meToo_2023_forslag_01.pdf\" type=\"application\/pdf\" style=\"width:100%;height:600px\" aria-label=\"Innbygging av Folder_meToo_2023_forslag_01\"><\/object><a id=\"wp-block-file--media-97d07331-11e4-4da7-baa3-f50f2b9bc717\" href=\"https:\/\/xn--teaterrd-g0a.no\/wp-content\/uploads\/2025\/11\/Folder_meToo_2023_forslag_01.pdf\">Folder_meToo_2023_forslag_01<\/a><a href=\"https:\/\/xn--teaterrd-g0a.no\/wp-content\/uploads\/2025\/11\/Folder_meToo_2023_forslag_01.pdf\" class=\"wp-block-file__button wp-element-button\" download aria-describedby=\"wp-block-file--media-97d07331-11e4-4da7-baa3-f50f2b9bc717\">Last ned<\/a><\/div>\n\n\n\n<div data-wp-interactive=\"core\/file\" class=\"wp-block-file\"><object data-wp-bind--hidden=\"!state.hasPdfPreview\" hidden class=\"wp-block-file__embed\" data=\"https:\/\/xn--teaterrd-g0a.no\/wp-content\/uploads\/2025\/11\/rettet-Akershus_teaterrad_handbok_for_teaterscenen_2025_digital-1.pdf\" type=\"application\/pdf\" style=\"width:100%;height:600px\" aria-label=\"Innbygging av rettet Akershus_teaterra\u030ad_ha\u030andbok_for_teaterscenen_2025_digital\"><\/object><a id=\"wp-block-file--media-cb425c23-6fae-4e4e-8e7c-0dda0cbd9bd5\" href=\"https:\/\/xn--teaterrd-g0a.no\/wp-content\/uploads\/2025\/11\/rettet-Akershus_teaterrad_handbok_for_teaterscenen_2025_digital-1.pdf\">rettet Akershus_teaterra\u030ad_ha\u030andbok_for_teaterscenen_2025_digital<\/a><a href=\"https:\/\/xn--teaterrd-g0a.no\/wp-content\/uploads\/2025\/11\/rettet-Akershus_teaterrad_handbok_for_teaterscenen_2025_digital-1.pdf\" class=\"wp-block-file__button wp-element-button\" download aria-describedby=\"wp-block-file--media-cb425c23-6fae-4e4e-8e7c-0dda0cbd9bd5\">Last ned<\/a><\/div>\n","protected":false},"excerpt":{"rendered":"<p>Her finner du forskjellig informasjonsmateriell som kan v\u00e6re aktuelt for ditt amat\u00f8rteater. Last ned filene, print dem ut og heng opp i ditt \u00f8vingslokale. Inkludering: Plakat om inkludering:<\/p>\n","protected":false},"author":1,"featured_media":19,"parent":0,"menu_order":0,"comment_status":"closed","ping_status":"closed","template":"","meta":{"pagelayer_contact_templates":[],"_pagelayer_content":"","_themeisle_gutenberg_block_has_review":false,"footnotes":""},"class_list":["post-54","page","type-page","status-publish","has-post-thumbnail","hentry"],"_links":{"self":[{"href":"https:\/\/xn--teaterrd-g0a.no\/index.php\/wp-json\/wp\/v2\/pages\/54","targetHints":{"allow":["GET"]}}],"collection":[{"href":"https:\/\/xn--teaterrd-g0a.no\/index.php\/wp-json\/wp\/v2\/pages"}],"about":[{"href":"https:\/\/xn--teaterrd-g0a.no\/index.php\/wp-json\/wp\/v2\/types\/page"}],"author":[{"embeddable":true,"href":"https:\/\/xn--teaterrd-g0a.no\/index.php\/wp-json\/wp\/v2\/users\/1"}],"replies":[{"embeddable":true,"href":"https:\/\/xn--teaterrd-g0a.no\/index.php\/wp-json\/wp\/v2\/comments?post=54"}],"version-history":[{"count":6,"href":"https:\/\/xn--teaterrd-g0a.no\/index.php\/wp-json\/wp\/v2\/pages\/54\/revisions"}],"predecessor-version":[{"id":502,"href":"https:\/\/xn--teaterrd-g0a.no\/index.php\/wp-json\/wp\/v2\/pages\/54\/revisions\/502"}],"wp:featuredmedia":[{"embeddable":true,"href":"https:\/\/xn--teaterrd-g0a.no\/index.php\/wp-json\/wp\/v2\/media\/19"}],"wp:attachment":[{"href":"https:\/\/xn--teaterrd-g0a.no\/index.php\/wp-json\/wp\/v2\/media?parent=54"}],"curies":[{"name":"wp","href":"https:\/\/api.w.org\/{rel}","templated":true}]}}