{"id":77,"date":"2025-05-21T10:02:22","date_gmt":"2025-05-21T10:02:22","guid":{"rendered":"https:\/\/xn--teaterrd-g0a.no\/index.php\/hjem\/"},"modified":"2026-04-27T13:49:20","modified_gmt":"2026-04-27T13:49:20","slug":"hjem","status":"publish","type":"page","link":"https:\/\/xn--teaterrd-g0a.no\/","title":{"rendered":"Hjem"},"content":{"rendered":"\n<div class=\"wp-block-cover alignfull is-light hestia-clear-top-padding\"><span aria-hidden=\"true\" class=\"wp-block-cover__background has-white-background-color has-background-dim-100 has-background-dim\"><\/span><div class=\"wp-block-cover__inner-container is-layout-flow wp-block-cover-is-layout-flow\">\n<h2 class=\"wp-block-heading has-text-align-center has-text-color\" style=\"color:#3c4858\">Nettverk for regionale teaterr\u00e5d<\/h2>\n\n\n\n<div style=\"height:40px\" aria-hidden=\"true\" class=\"wp-block-spacer\"><\/div>\n\n\n\n<div class=\"wp-block-columns container is-layout-flex wp-container-core-columns-is-layout-28f84493 wp-block-columns-is-layout-flex\">\n<div class=\"wp-block-column is-layout-flow wp-block-column-is-layout-flow\">\n<p class=\"has-text-align-center has-small-font-size\">ET FELLESR\u00c5D FOR REGIONALE ORGANISASJONER MED FOKUS P\u00c5 LOKALT TEATER OG AMAT\u00d8RTEATER<\/p>\n\n\n\n<div style=\"height:25px\" aria-hidden=\"true\" class=\"wp-block-spacer\"><\/div>\n\n\n\n<p class=\"has-text-align-center has-text-color\" style=\"color:#999999;font-size:14px\"><\/p>\n\n\n\n<figure class=\"wp-block-image size-large\"><img loading=\"lazy\" decoding=\"async\" width=\"1024\" height=\"683\" src=\"https:\/\/xn--teaterrd-g0a.no\/wp-content\/uploads\/2025\/05\/pexels-cottonbro-6896221-1024x683.jpg\" alt=\"\" class=\"wp-image-13\" srcset=\"https:\/\/xn--teaterrd-g0a.no\/wp-content\/uploads\/2025\/05\/pexels-cottonbro-6896221-1024x683.jpg 1024w, https:\/\/xn--teaterrd-g0a.no\/wp-content\/uploads\/2025\/05\/pexels-cottonbro-6896221-300x200.jpg 300w, https:\/\/xn--teaterrd-g0a.no\/wp-content\/uploads\/2025\/05\/pexels-cottonbro-6896221-768x512.jpg 768w, https:\/\/xn--teaterrd-g0a.no\/wp-content\/uploads\/2025\/05\/pexels-cottonbro-6896221-1536x1024.jpg 1536w, https:\/\/xn--teaterrd-g0a.no\/wp-content\/uploads\/2025\/05\/pexels-cottonbro-6896221-2048x1365.jpg 2048w\" sizes=\"auto, (max-width: 1024px) 100vw, 1024px\" \/><\/figure>\n\n\n\n<p class=\"has-text-align-center has-small-font-size\"><\/p>\n\n\n\n<div style=\"height:25px\" aria-hidden=\"true\" class=\"wp-block-spacer\"><\/div>\n\n\n\n<h5 class=\"wp-block-heading has-text-align-center has-text-color\" style=\"color:#3c4858;font-size:18px\"><\/h5>\n\n\n\n<p class=\"has-text-align-center has-text-color\" style=\"color:#999999;font-size:14px\"><\/p>\n\n\n\n<div style=\"height:25px\" aria-hidden=\"true\" class=\"wp-block-spacer\"><\/div>\n<\/div>\n<\/div>\n\n\n\n<div style=\"height:40px\" aria-hidden=\"true\" class=\"wp-block-spacer\"><\/div>\n<\/div><\/div>\n\n\n\n<div class=\"wp-block-columns container is-layout-flex wp-container-core-columns-is-layout-28f84493 wp-block-columns-is-layout-flex\">\n<div class=\"wp-block-column col-md-5 is-layout-flow wp-block-column-is-layout-flow\">\n<div style=\"height:55px\" aria-hidden=\"true\" class=\"wp-block-spacer\"><\/div>\n\n\n\n<h2 class=\"wp-block-heading\">Frist for \u00e5 s\u00f8ke momskompensasjon er <\/h2>\n\n\n\n<p class=\"has-large-font-size\"><strong>30. juni<\/strong><\/p>\n\n\n\n<p>Link:<\/p>\n\n\n\n<p>\u00a0<a href=\"https:\/\/eu.jotform.com\/form\/260753309241049\">https:\/\/eu.jotform.com\/form\/260753309241049<\/a><\/p>\n\n\n\n<p>I s\u00f8knadsskjemaet m\u00e5 dere oppgi organisasjonsnummer, kontonummer til teatergruppen og legge ved regnskap 2024 (gjerne signert). Det tar bare noen minutter \u00e5 fylle ut skjemaet om du har funnet frem disse tre tingene.<\/p>\n\n\n\n<p><\/p>\n<\/div>\n\n\n\n<div class=\"wp-block-column col-md-6 col-md-offset1 is-layout-flow wp-block-column-is-layout-flow\">\n<div style=\"height:55px\" aria-hidden=\"true\" class=\"wp-block-spacer\"><\/div>\n\n\n\n<figure class=\"wp-block-image size-large\"><img loading=\"lazy\" decoding=\"async\" width=\"1024\" height=\"683\" src=\"https:\/\/xn--teaterrd-g0a.no\/wp-content\/uploads\/2025\/05\/pexels-pixabay-259027-1-1024x683.jpg\" alt=\"\" class=\"wp-image-89\" srcset=\"https:\/\/xn--teaterrd-g0a.no\/wp-content\/uploads\/2025\/05\/pexels-pixabay-259027-1-1024x683.jpg 1024w, https:\/\/xn--teaterrd-g0a.no\/wp-content\/uploads\/2025\/05\/pexels-pixabay-259027-1-300x200.jpg 300w, https:\/\/xn--teaterrd-g0a.no\/wp-content\/uploads\/2025\/05\/pexels-pixabay-259027-1-768x512.jpg 768w, https:\/\/xn--teaterrd-g0a.no\/wp-content\/uploads\/2025\/05\/pexels-pixabay-259027-1-1536x1024.jpg 1536w, https:\/\/xn--teaterrd-g0a.no\/wp-content\/uploads\/2025\/05\/pexels-pixabay-259027-1-2048x1365.jpg 2048w, https:\/\/xn--teaterrd-g0a.no\/wp-content\/uploads\/2025\/05\/pexels-pixabay-259027-1-360x240.jpg 360w\" sizes=\"auto, (max-width: 1024px) 100vw, 1024px\" \/><\/figure>\n\n\n\n<p><\/p>\n<\/div>\n<\/div>\n\n\n\n<p><\/p>\n","protected":false},"excerpt":{"rendered":"<p>Frist for \u00e5 s\u00f8ke momskompensasjon er 30. juni Link: \u00a0https:\/\/eu.jotform.com\/form\/260753309241049 I s\u00f8knadsskjemaet m\u00e5 dere oppgi organisasjonsnummer, kontonummer til teatergruppen og legge ved regnskap 2024 (gjerne signert). Det tar bare noen minutter \u00e5 fylle ut skjemaet om du har funnet frem disse tre tingene.<\/p>\n","protected":false},"author":1,"featured_media":11,"parent":0,"menu_order":0,"comment_status":"closed","ping_status":"closed","template":"","meta":{"pagelayer_contact_templates":[],"_pagelayer_content":"","_themeisle_gutenberg_block_has_review":false,"footnotes":""},"class_list":["post-77","page","type-page","status-publish","has-post-thumbnail","hentry"],"_links":{"self":[{"href":"https:\/\/xn--teaterrd-g0a.no\/index.php\/wp-json\/wp\/v2\/pages\/77","targetHints":{"allow":["GET"]}}],"collection":[{"href":"https:\/\/xn--teaterrd-g0a.no\/index.php\/wp-json\/wp\/v2\/pages"}],"about":[{"href":"https:\/\/xn--teaterrd-g0a.no\/index.php\/wp-json\/wp\/v2\/types\/page"}],"author":[{"embeddable":true,"href":"https:\/\/xn--teaterrd-g0a.no\/index.php\/wp-json\/wp\/v2\/users\/1"}],"replies":[{"embeddable":true,"href":"https:\/\/xn--teaterrd-g0a.no\/index.php\/wp-json\/wp\/v2\/comments?post=77"}],"version-history":[{"count":7,"href":"https:\/\/xn--teaterrd-g0a.no\/index.php\/wp-json\/wp\/v2\/pages\/77\/revisions"}],"predecessor-version":[{"id":540,"href":"https:\/\/xn--teaterrd-g0a.no\/index.php\/wp-json\/wp\/v2\/pages\/77\/revisions\/540"}],"wp:featuredmedia":[{"embeddable":true,"href":"https:\/\/xn--teaterrd-g0a.no\/index.php\/wp-json\/wp\/v2\/media\/11"}],"wp:attachment":[{"href":"https:\/\/xn--teaterrd-g0a.no\/index.php\/wp-json\/wp\/v2\/media?parent=77"}],"curies":[{"name":"wp","href":"https:\/\/api.w.org\/{rel}","templated":true}]}}